{"id":2067,"date":"2022-12-01T08:37:32","date_gmt":"2022-12-01T07:37:32","guid":{"rendered":"https:\/\/www.brimetal.ch\/jobs\/"},"modified":"2023-05-05T10:36:02","modified_gmt":"2023-05-05T08:36:02","slug":"jobs","status":"publish","type":"page","link":"https:\/\/www.brimetal.ch\/fr\/a-propos-de-nous\/jobs\/","title":{"rendered":"Jobs"},"content":{"rendered":"\t\t<div data-elementor-type=\"wp-page\" data-elementor-id=\"2067\" class=\"elementor elementor-2067 elementor-623\" data-elementor-post-type=\"page\">\n\t\t\t\t\t\t<section class=\"elementor-section elementor-top-section elementor-element elementor-element-db2d44b elementor-section-full_width elementor-section-height-default elementor-section-height-default\" data-id=\"db2d44b\" data-element_type=\"section\" data-e-type=\"section\">\n\t\t\t\t\t\t<div class=\"elementor-container elementor-column-gap-default\">\n\t\t\t\t\t<div class=\"elementor-column elementor-col-100 elementor-top-column elementor-element elementor-element-1a5ff78\" data-id=\"1a5ff78\" data-element_type=\"column\" data-e-type=\"column\">\n\t\t\t<div class=\"elementor-widget-wrap elementor-element-populated\">\n\t\t\t\t\t\t<div class=\"elementor-element elementor-element-1683c77 elementor-widget elementor-widget-slider_revolution\" data-id=\"1683c77\" data-element_type=\"widget\" data-e-type=\"widget\" data-widget_type=\"slider_revolution.default\">\n\t\t\t\t<div class=\"elementor-widget-container\">\n\t\t\t\t\t\n\t\t<div class=\"wp-block-themepunch-revslider\">\n\t\t\t\t<p class=\"rs-p-wp-fix\"><\/p>\n\t\t\t\t<sr7-module data-alias=\"kontakt-slider-1\" data-id=\"5\" id=\"SR7_5_1\" class=\"rs-ov-hidden\" data-version=\"6.7.54\">\n\t\t\t\t\t<sr7-adjuster><\/sr7-adjuster>\n\t\t\t\t\t<sr7-content>\n\t\t\t\t\t\t<sr7-slide id=\"SR7_5_1-11\" data-key=\"11\">\n\t\t\t\t\t\t\t<sr7-bg id=\"SR7_5_1-11-3\" class=\"sr7-layer\"><noscript><img decoding=\"async\" src=\"https:\/\/www.brimetal.ch\/wp-content\/uploads\/2023\/04\/Header_JOBS.jpg\" alt=\"\" title=\"Header_JOBS\"><\/noscript><\/sr7-bg>\n\t\t\t\t\t\t\t<h2 id=\"SR7_5_1-11-2\" class=\"sr7-layer\"><span class=\"dark\">POSTES VACANTS<\/span><br \/>\nREJOINDRE L'\u00c9QUIPE<br \/>\n<\/h2>\n\t\t\t\t\t\t<\/sr7-slide>\n\t\t\t\t\t\t<sr7-slide id=\"SR7_5_1-23\" data-key=\"23\">\n\t\t\t\t\t\t<\/sr7-slide>\n\t\t\t\t\t<\/sr7-content>\n\t\t\t\t\t<image_lists style=\"display:none\">\n\t\t\t\t\t\t<img data-src=\"\/\/www.brimetal.ch\/wp-content\/uploads\/2023\/04\/Header_JOBS.jpg\" data-libid=\"2179\" data-lib=\"medialibrary\" title=\"Header_JOBS\" width=\"0\" height=\"0\" data-dbsrc=\"Ly93d3cuYnJpbWV0YWwuY2gvd3AtY29udGVudC91cGxvYWRzLzIwMjMvMDQvSGVhZGVyX0pPQlMuanBn\"\/>\n\t\t\t\t\t<\/image_lists>\n\t\t\t\t<\/sr7-module>\n\t\t\t\t<script>\n\t\t\t\t\twindow.SR7 ??={};SR7.PMH ??={}; SR7.PMH[\"SR7_5_1\"] = {cn:100,state:false,fn: function() { if (window._tpt!==undefined && window._tpt.prepareModuleHeight !== undefined) {  _tpt.prepareModuleHeight({id:\"SR7_5_1\",el:[700,700,700,960,720],type:'standard',shdw:'0',gh:[700,700,700,960,720],gw:[1240,1240,1240,778,480],vpt:['-100px&#039;,&#039;-100px&#039;,&#039;-100px&#039;,&#039;-100px&#039;,&#039;-100px'],size:{fullWidth:true, fullHeight:false},mh:'0',onh:0,onw:0,bg:{color:'{\"orig\":\"transparent\",\"type\":\"solid\",\"string\":\"transparent\"}'}});   SR7.PMH[\"SR7_5_1\"].state=true;} else if(SR7.PMH[\"SR7_5_1\"].cn-->0)\tsetTimeout( SR7.PMH[\"SR7_5_1\"].fn,19);}};SR7.PMH[\"SR7_5_1\" ].fn();\n\t\t\t\t<\/script>\n<\/div>\n\n\t\t\t\t\t\t<\/div>\n\t\t\t\t<\/div>\n\t\t\t\t\t<\/div>\n\t\t<\/div>\n\t\t\t\t\t<\/div>\n\t\t<\/section>\n\t\t\t\t<section class=\"elementor-section elementor-top-section elementor-element elementor-element-3e0bdcf elementor-section-boxed elementor-section-height-default elementor-section-height-default\" data-id=\"3e0bdcf\" data-element_type=\"section\" data-e-type=\"section\">\n\t\t\t\t\t\t<div class=\"elementor-container elementor-column-gap-default\">\n\t\t\t\t\t<div class=\"elementor-column elementor-col-50 elementor-top-column elementor-element elementor-element-e6bf336\" data-id=\"e6bf336\" data-element_type=\"column\" data-e-type=\"column\">\n\t\t\t<div class=\"elementor-widget-wrap elementor-element-populated\">\n\t\t\t\t\t\t<div class=\"elementor-element elementor-element-fa96838 elementor-align-center elementor-widget elementor-widget-button\" data-id=\"fa96838\" data-element_type=\"widget\" data-e-type=\"widget\" data-widget_type=\"button.default\">\n\t\t\t\t<div class=\"elementor-widget-container\">\n\t\t\t\t\t\t\t\t\t<div class=\"elementor-button-wrapper\">\n\t\t\t\t\t<a class=\"elementor-button elementor-button-link elementor-size-sm\" href=\"https:\/\/www.brimetal.ch\/wp-content\/uploads\/2023\/05\/ricerca-personale-Disegnatore-metalcostruttore.pdf\" target=\"_blank\">\n\t\t\t\t\t\t<span class=\"elementor-button-content-wrapper\">\n\t\t\t\t\t\t\t\t\t<span class=\"elementor-button-text\">Disegnatore metalcostruttore<\/span>\n\t\t\t\t\t<\/span>\n\t\t\t\t\t<\/a>\n\t\t\t\t<\/div>\n\t\t\t\t\t\t\t\t<\/div>\n\t\t\t\t<\/div>\n\t\t\t\t\t<\/div>\n\t\t<\/div>\n\t\t\t\t<div class=\"elementor-column elementor-col-50 elementor-top-column elementor-element elementor-element-f9d7517\" data-id=\"f9d7517\" data-element_type=\"column\" data-e-type=\"column\">\n\t\t\t<div class=\"elementor-widget-wrap elementor-element-populated\">\n\t\t\t\t\t\t<div class=\"elementor-element elementor-element-277f182 elementor-widget elementor-widget-text-editor\" data-id=\"277f182\" data-element_type=\"widget\" data-e-type=\"widget\" data-widget_type=\"text-editor.default\">\n\t\t\t\t<div class=\"elementor-widget-container\">\n\t\t\t\t\t\t\t\t\t<h2>VOS CHANCES<\/h2>\n<\/p>\n<p>Rejoignez notre \u00e9quipe solide et aidez-nous \u00e0 maintenir la haute qualit\u00e9 de nos produits et services.<\/p>\n\t\t\t\t\t\t\t\t<\/div>\n\t\t\t\t<\/div>\n\t\t\t\t\t<\/div>\n\t\t<\/div>\n\t\t\t\t\t<\/div>\n\t\t<\/section>\n\t\t\t\t<\/div>\n\t\t","protected":false},"excerpt":{"rendered":"<p>Disegnatore metalcostruttore VOS CHANCES Rejoignez notre \u00e9quipe solide et aidez-nous \u00e0 maintenir la haute qualit\u00e9 de nos produits et services.<\/p>\n","protected":false},"author":1,"featured_media":0,"parent":2071,"menu_order":0,"comment_status":"closed","ping_status":"closed","template":"","meta":{"footnotes":""},"class_list":["post-2067","page","type-page","status-publish","hentry"],"yoast_head":"<!-- This site is optimized with the Yoast SEO plugin v27.5 - https:\/\/yoast.com\/product\/yoast-seo-wordpress\/ -->\n<title>Jobs - Brimetal AG<\/title>\n<meta name=\"robots\" content=\"index, follow, max-snippet:-1, max-image-preview:large, max-video-preview:-1\" \/>\n<link rel=\"canonical\" href=\"https:\/\/www.brimetal.ch\/fr\/a-propos-de-nous\/jobs\/\" \/>\n<meta property=\"og:locale\" content=\"fr_FR\" \/>\n<meta property=\"og:type\" content=\"article\" \/>\n<meta property=\"og:title\" content=\"Jobs - Brimetal AG\" \/>\n<meta property=\"og:description\" content=\"Disegnatore metalcostruttore VOS CHANCES Rejoignez notre \u00e9quipe solide et aidez-nous \u00e0 maintenir la haute qualit\u00e9 de nos produits et services.\" \/>\n<meta property=\"og:url\" content=\"https:\/\/www.brimetal.ch\/fr\/a-propos-de-nous\/jobs\/\" \/>\n<meta property=\"og:site_name\" content=\"Brimetal AG\" \/>\n<meta property=\"article:modified_time\" content=\"2023-05-05T08:36:02+00:00\" \/>\n<meta name=\"twitter:card\" content=\"summary_large_image\" \/>\n<script type=\"application\/ld+json\" class=\"yoast-schema-graph\">{\"@context\":\"https:\\\/\\\/schema.org\",\"@graph\":[{\"@type\":\"WebPage\",\"@id\":\"https:\\\/\\\/www.brimetal.ch\\\/fr\\\/a-propos-de-nous\\\/jobs\\\/\",\"url\":\"https:\\\/\\\/www.brimetal.ch\\\/fr\\\/a-propos-de-nous\\\/jobs\\\/\",\"name\":\"Jobs - Brimetal AG\",\"isPartOf\":{\"@id\":\"https:\\\/\\\/www.brimetal.ch\\\/fr\\\/#website\"},\"datePublished\":\"2022-12-01T07:37:32+00:00\",\"dateModified\":\"2023-05-05T08:36:02+00:00\",\"breadcrumb\":{\"@id\":\"https:\\\/\\\/www.brimetal.ch\\\/fr\\\/a-propos-de-nous\\\/jobs\\\/#breadcrumb\"},\"inLanguage\":\"fr-FR\",\"potentialAction\":[{\"@type\":\"ReadAction\",\"target\":[\"https:\\\/\\\/www.brimetal.ch\\\/fr\\\/a-propos-de-nous\\\/jobs\\\/\"]}]},{\"@type\":\"BreadcrumbList\",\"@id\":\"https:\\\/\\\/www.brimetal.ch\\\/fr\\\/a-propos-de-nous\\\/jobs\\\/#breadcrumb\",\"itemListElement\":[{\"@type\":\"ListItem\",\"position\":1,\"name\":\"Startseite\",\"item\":\"https:\\\/\\\/www.brimetal.ch\\\/fr\\\/\"},{\"@type\":\"ListItem\",\"position\":2,\"name\":\"A PROPOS DE NOUS\",\"item\":\"https:\\\/\\\/www.brimetal.ch\\\/fr\\\/ueber-uns\\\/\"},{\"@type\":\"ListItem\",\"position\":3,\"name\":\"Jobs\"}]},{\"@type\":\"WebSite\",\"@id\":\"https:\\\/\\\/www.brimetal.ch\\\/fr\\\/#website\",\"url\":\"https:\\\/\\\/www.brimetal.ch\\\/fr\\\/\",\"name\":\"Brimetal AG\",\"description\":\"Blechbearbeitung bis 8 Meter\",\"publisher\":{\"@id\":\"https:\\\/\\\/www.brimetal.ch\\\/fr\\\/#organization\"},\"potentialAction\":[{\"@type\":\"SearchAction\",\"target\":{\"@type\":\"EntryPoint\",\"urlTemplate\":\"https:\\\/\\\/www.brimetal.ch\\\/fr\\\/?s={search_term_string}\"},\"query-input\":{\"@type\":\"PropertyValueSpecification\",\"valueRequired\":true,\"valueName\":\"search_term_string\"}}],\"inLanguage\":\"fr-FR\"},{\"@type\":\"Organization\",\"@id\":\"https:\\\/\\\/www.brimetal.ch\\\/fr\\\/#organization\",\"name\":\"Brimetal AG\",\"url\":\"https:\\\/\\\/www.brimetal.ch\\\/fr\\\/\",\"logo\":{\"@type\":\"ImageObject\",\"inLanguage\":\"fr-FR\",\"@id\":\"https:\\\/\\\/www.brimetal.ch\\\/fr\\\/#\\\/schema\\\/logo\\\/image\\\/\",\"url\":\"https:\\\/\\\/www.brimetal.ch\\\/wp-content\\\/uploads\\\/2023\\\/03\\\/brimetal-ag_logo.svg\",\"contentUrl\":\"https:\\\/\\\/www.brimetal.ch\\\/wp-content\\\/uploads\\\/2023\\\/03\\\/brimetal-ag_logo.svg\",\"caption\":\"Brimetal AG\"},\"image\":{\"@id\":\"https:\\\/\\\/www.brimetal.ch\\\/fr\\\/#\\\/schema\\\/logo\\\/image\\\/\"}}]}<\/script>\n<!-- \/ Yoast SEO plugin. -->","yoast_head_json":{"title":"Jobs - Brimetal AG","robots":{"index":"index","follow":"follow","max-snippet":"max-snippet:-1","max-image-preview":"max-image-preview:large","max-video-preview":"max-video-preview:-1"},"canonical":"https:\/\/www.brimetal.ch\/fr\/a-propos-de-nous\/jobs\/","og_locale":"fr_FR","og_type":"article","og_title":"Jobs - Brimetal AG","og_description":"Disegnatore metalcostruttore VOS CHANCES Rejoignez notre \u00e9quipe solide et aidez-nous \u00e0 maintenir la haute qualit\u00e9 de nos produits et services.","og_url":"https:\/\/www.brimetal.ch\/fr\/a-propos-de-nous\/jobs\/","og_site_name":"Brimetal AG","article_modified_time":"2023-05-05T08:36:02+00:00","twitter_card":"summary_large_image","schema":{"@context":"https:\/\/schema.org","@graph":[{"@type":"WebPage","@id":"https:\/\/www.brimetal.ch\/fr\/a-propos-de-nous\/jobs\/","url":"https:\/\/www.brimetal.ch\/fr\/a-propos-de-nous\/jobs\/","name":"Jobs - Brimetal AG","isPartOf":{"@id":"https:\/\/www.brimetal.ch\/fr\/#website"},"datePublished":"2022-12-01T07:37:32+00:00","dateModified":"2023-05-05T08:36:02+00:00","breadcrumb":{"@id":"https:\/\/www.brimetal.ch\/fr\/a-propos-de-nous\/jobs\/#breadcrumb"},"inLanguage":"fr-FR","potentialAction":[{"@type":"ReadAction","target":["https:\/\/www.brimetal.ch\/fr\/a-propos-de-nous\/jobs\/"]}]},{"@type":"BreadcrumbList","@id":"https:\/\/www.brimetal.ch\/fr\/a-propos-de-nous\/jobs\/#breadcrumb","itemListElement":[{"@type":"ListItem","position":1,"name":"Startseite","item":"https:\/\/www.brimetal.ch\/fr\/"},{"@type":"ListItem","position":2,"name":"A PROPOS DE NOUS","item":"https:\/\/www.brimetal.ch\/fr\/ueber-uns\/"},{"@type":"ListItem","position":3,"name":"Jobs"}]},{"@type":"WebSite","@id":"https:\/\/www.brimetal.ch\/fr\/#website","url":"https:\/\/www.brimetal.ch\/fr\/","name":"Brimetal AG","description":"Blechbearbeitung bis 8 Meter","publisher":{"@id":"https:\/\/www.brimetal.ch\/fr\/#organization"},"potentialAction":[{"@type":"SearchAction","target":{"@type":"EntryPoint","urlTemplate":"https:\/\/www.brimetal.ch\/fr\/?s={search_term_string}"},"query-input":{"@type":"PropertyValueSpecification","valueRequired":true,"valueName":"search_term_string"}}],"inLanguage":"fr-FR"},{"@type":"Organization","@id":"https:\/\/www.brimetal.ch\/fr\/#organization","name":"Brimetal AG","url":"https:\/\/www.brimetal.ch\/fr\/","logo":{"@type":"ImageObject","inLanguage":"fr-FR","@id":"https:\/\/www.brimetal.ch\/fr\/#\/schema\/logo\/image\/","url":"https:\/\/www.brimetal.ch\/wp-content\/uploads\/2023\/03\/brimetal-ag_logo.svg","contentUrl":"https:\/\/www.brimetal.ch\/wp-content\/uploads\/2023\/03\/brimetal-ag_logo.svg","caption":"Brimetal AG"},"image":{"@id":"https:\/\/www.brimetal.ch\/fr\/#\/schema\/logo\/image\/"}}]}},"_links":{"self":[{"href":"https:\/\/www.brimetal.ch\/fr\/wp-json\/wp\/v2\/pages\/2067","targetHints":{"allow":["GET"]}}],"collection":[{"href":"https:\/\/www.brimetal.ch\/fr\/wp-json\/wp\/v2\/pages"}],"about":[{"href":"https:\/\/www.brimetal.ch\/fr\/wp-json\/wp\/v2\/types\/page"}],"author":[{"embeddable":true,"href":"https:\/\/www.brimetal.ch\/fr\/wp-json\/wp\/v2\/users\/1"}],"replies":[{"embeddable":true,"href":"https:\/\/www.brimetal.ch\/fr\/wp-json\/wp\/v2\/comments?post=2067"}],"version-history":[{"count":6,"href":"https:\/\/www.brimetal.ch\/fr\/wp-json\/wp\/v2\/pages\/2067\/revisions"}],"predecessor-version":[{"id":2230,"href":"https:\/\/www.brimetal.ch\/fr\/wp-json\/wp\/v2\/pages\/2067\/revisions\/2230"}],"up":[{"embeddable":true,"href":"https:\/\/www.brimetal.ch\/fr\/wp-json\/wp\/v2\/pages\/2071"}],"wp:attachment":[{"href":"https:\/\/www.brimetal.ch\/fr\/wp-json\/wp\/v2\/media?parent=2067"}],"curies":[{"name":"wp","href":"https:\/\/api.w.org\/{rel}","templated":true}]}}