{"id":2063,"date":"2022-11-29T14:26:56","date_gmt":"2022-11-29T14:26:56","guid":{"rendered":"https:\/\/www.brimetal.ch\/team\/"},"modified":"2023-04-17T06:12:39","modified_gmt":"2023-04-17T06:12:39","slug":"team","status":"publish","type":"page","link":"https:\/\/www.brimetal.ch\/fr\/a-propos-de-nous\/team\/","title":{"rendered":"Team"},"content":{"rendered":"\t\t<div data-elementor-type=\"wp-page\" data-elementor-id=\"2063\" class=\"elementor elementor-2063 elementor-550\" data-elementor-post-type=\"page\">\n\t\t\t\t\t\t<section class=\"elementor-section elementor-top-section elementor-element elementor-element-d87d2bd elementor-section-full_width elementor-section-height-default elementor-section-height-default\" data-id=\"d87d2bd\" data-element_type=\"section\" data-e-type=\"section\">\n\t\t\t\t\t\t<div class=\"elementor-container elementor-column-gap-default\">\n\t\t\t\t\t<div class=\"elementor-column elementor-col-100 elementor-top-column elementor-element elementor-element-a68f1ee\" data-id=\"a68f1ee\" data-element_type=\"column\" data-e-type=\"column\">\n\t\t\t<div class=\"elementor-widget-wrap elementor-element-populated\">\n\t\t\t\t\t\t<div class=\"elementor-element elementor-element-e591ba1 elementor-widget elementor-widget-slider_revolution\" data-id=\"e591ba1\" data-element_type=\"widget\" data-e-type=\"widget\" data-widget_type=\"slider_revolution.default\">\n\t\t\t\t<div class=\"elementor-widget-container\">\n\t\t\t\t\t\n\t\t<div class=\"wp-block-themepunch-revslider\">\n\t\t\t\t<p class=\"rs-p-wp-fix\"><\/p>\n\t\t\t\t<sr7-module data-alias=\"metallverarbeitung-slider-1\" data-id=\"3\" id=\"SR7_3_1\" class=\"rs-ov-hidden\" data-version=\"6.7.54\">\n\t\t\t\t\t<sr7-adjuster><\/sr7-adjuster>\n\t\t\t\t\t<sr7-content>\n\t\t\t\t\t\t<sr7-slide id=\"SR7_3_1-10\" data-key=\"10\">\n\t\t\t\t\t\t\t<sr7-bg id=\"SR7_3_1-10-3\" class=\"sr7-layer\"><noscript><img decoding=\"async\" src=\"https:\/\/www.brimetal.ch\/wp-content\/uploads\/2023\/04\/Header_HOCHWERTIGE.jpg\" alt=\"\" title=\"Header_HOCHWERTIGE\"><\/noscript><\/sr7-bg>\n\t\t\t\t\t\t\t<h2 id=\"SR7_3_1-10-2\" class=\"sr7-layer\"><span class=\"dark\">L'USINAGE DES M\u00c9TAUX<br \/>\nDE GRANDE QUALIT\u00c9<\/span><br \/>\nNOUS DISPONONS DE<br \/>\nLA TECHNOLOGIE ET<br \/>\nDU SAVOIR<br \/>\n<\/h2>\n\t\t\t\t\t\t<\/sr7-slide>\n\t\t\t\t\t\t<sr7-slide id=\"SR7_3_1-21\" data-key=\"21\">\n\t\t\t\t\t\t<\/sr7-slide>\n\t\t\t\t\t<\/sr7-content>\n\t\t\t\t\t<image_lists style=\"display:none\">\n\t\t\t\t\t\t<img data-src=\"\/\/www.brimetal.ch\/wp-content\/uploads\/2023\/04\/Header_HOCHWERTIGE.jpg\" data-libid=\"2176\" data-lib=\"medialibrary\" title=\"Header_HOCHWERTIGE\" width=\"0\" height=\"0\" data-dbsrc=\"Ly93d3cuYnJpbWV0YWwuY2gvd3AtY29udGVudC91cGxvYWRzLzIwMjMvMDQvSGVhZGVyX0hPQ0hXRVJUSUdFLmpwZw==\"\/>\n\t\t\t\t\t<\/image_lists>\n\t\t\t\t<\/sr7-module>\n\t\t\t\t<script>\n\t\t\t\t\twindow.SR7 ??={};SR7.PMH ??={}; SR7.PMH[\"SR7_3_1\"] = {cn:100,state:false,fn: function() { if (window._tpt!==undefined && window._tpt.prepareModuleHeight !== undefined) {  _tpt.prepareModuleHeight({id:\"SR7_3_1\",el:[700,700,700,960,720],type:'standard',shdw:'0',gh:[700,700,700,960,720],gw:[1240,1240,1240,778,480],vpt:['-100px&#039;,&#039;-100px&#039;,&#039;-100px&#039;,&#039;-100px&#039;,&#039;-100px'],size:{fullWidth:true, fullHeight:false},mh:'0',onh:0,onw:0,bg:{color:'{\"orig\":\"transparent\",\"type\":\"solid\",\"string\":\"transparent\"}'}});   SR7.PMH[\"SR7_3_1\"].state=true;} else if(SR7.PMH[\"SR7_3_1\"].cn-->0)\tsetTimeout( SR7.PMH[\"SR7_3_1\"].fn,19);}};SR7.PMH[\"SR7_3_1\" ].fn();\n\t\t\t\t<\/script>\n<\/div>\n\n\t\t\t\t\t\t<\/div>\n\t\t\t\t<\/div>\n\t\t\t\t\t<\/div>\n\t\t<\/div>\n\t\t\t\t\t<\/div>\n\t\t<\/section>\n\t\t\t\t<section class=\"elementor-section elementor-top-section elementor-element elementor-element-da50165 team elementor-section-boxed elementor-section-height-default elementor-section-height-default\" data-id=\"da50165\" data-element_type=\"section\" data-e-type=\"section\">\n\t\t\t\t\t\t<div class=\"elementor-container elementor-column-gap-default\">\n\t\t\t\t\t<div class=\"elementor-column elementor-col-50 elementor-top-column elementor-element elementor-element-28ca42c\" data-id=\"28ca42c\" data-element_type=\"column\" data-e-type=\"column\">\n\t\t\t<div class=\"elementor-widget-wrap elementor-element-populated\">\n\t\t\t\t\t\t<div class=\"elementor-element elementor-element-a200db3 elementor-widget elementor-widget-image\" data-id=\"a200db3\" data-element_type=\"widget\" data-e-type=\"widget\" data-widget_type=\"image.default\">\n\t\t\t\t<div class=\"elementor-widget-container\">\n\t\t\t\t\t\t\t\t\t\t\t\t\t\t\t<img fetchpriority=\"high\" decoding=\"async\" width=\"467\" height=\"331\" src=\"https:\/\/www.brimetal.ch\/wp-content\/uploads\/2023\/04\/brimetal_stefan-schraemli.jpg\" class=\"attachment-large size-large wp-image-1985\" alt=\"\" srcset=\"https:\/\/www.brimetal.ch\/wp-content\/uploads\/2023\/04\/brimetal_stefan-schraemli.jpg 467w, https:\/\/www.brimetal.ch\/wp-content\/uploads\/2023\/04\/brimetal_stefan-schraemli-300x213.jpg 300w\" sizes=\"(max-width: 467px) 100vw, 467px\" \/>\t\t\t\t\t\t\t\t\t\t\t\t\t\t\t<\/div>\n\t\t\t\t<\/div>\n\t\t\t\t<div class=\"elementor-element elementor-element-ecb8c1d elementor-widget elementor-widget-text-editor\" data-id=\"ecb8c1d\" data-element_type=\"widget\" data-e-type=\"widget\" data-widget_type=\"text-editor.default\">\n\t\t\t\t<div class=\"elementor-widget-container\">\n\t\t\t\t\t\t\t\t\t<h3 class=\"p1\">Propri\u00e9taire et pr\u00e9sident CdA<\/h3>\n<h2 class=\"p3\">STEFAN SCHR\u00c4MLI<\/h2>\n<p class=\"p5\"><a href=\"mailto:schraemli@schraemli-holding.com\">schraemli@schraemli-holding.com<\/a><br \/><a href=\"tel:+41414556120\">T +41 41 455 61 20<\/a><\/p>\n\t\t\t\t\t\t\t\t<\/div>\n\t\t\t\t<\/div>\n\t\t\t\t\t<\/div>\n\t\t<\/div>\n\t\t\t\t<div class=\"elementor-column elementor-col-50 elementor-top-column elementor-element elementor-element-5cefa06\" data-id=\"5cefa06\" data-element_type=\"column\" data-e-type=\"column\">\n\t\t\t<div class=\"elementor-widget-wrap elementor-element-populated\">\n\t\t\t\t\t\t<div class=\"elementor-element elementor-element-4460a4f elementor-widget elementor-widget-image\" data-id=\"4460a4f\" data-element_type=\"widget\" data-e-type=\"widget\" data-widget_type=\"image.default\">\n\t\t\t\t<div class=\"elementor-widget-container\">\n\t\t\t\t\t\t\t\t\t\t\t\t\t\t\t<img decoding=\"async\" width=\"467\" height=\"331\" src=\"https:\/\/www.brimetal.ch\/wp-content\/uploads\/2023\/04\/brimetal_shawn-henzi.jpg\" class=\"attachment-large size-large wp-image-1987\" alt=\"\" srcset=\"https:\/\/www.brimetal.ch\/wp-content\/uploads\/2023\/04\/brimetal_shawn-henzi.jpg 467w, https:\/\/www.brimetal.ch\/wp-content\/uploads\/2023\/04\/brimetal_shawn-henzi-300x213.jpg 300w\" sizes=\"(max-width: 467px) 100vw, 467px\" \/>\t\t\t\t\t\t\t\t\t\t\t\t\t\t\t<\/div>\n\t\t\t\t<\/div>\n\t\t\t\t<div class=\"elementor-element elementor-element-2fca151 elementor-widget elementor-widget-text-editor\" data-id=\"2fca151\" data-element_type=\"widget\" data-e-type=\"widget\" data-widget_type=\"text-editor.default\">\n\t\t\t\t<div class=\"elementor-widget-container\">\n\t\t\t\t\t\t\t\t\t<h3 class=\"p1\">General Manager<\/h3>\n<h2 class=\"p3\">Shawn Henzi<\/h2>\n<p class=\"p5\"><a href=\"mailto:s.henzi@brimetal.ch\">s.henzi@brimetal.ch<\/a><br \/><a href=\"tel:+41917859100\">T +41 91 785 91 00<\/a><\/p>\n\t\t\t\t\t\t\t\t<\/div>\n\t\t\t\t<\/div>\n\t\t\t\t\t<\/div>\n\t\t<\/div>\n\t\t\t\t\t<\/div>\n\t\t<\/section>\n\t\t\t\t<section class=\"elementor-section elementor-top-section elementor-element elementor-element-42ce736 elementor-section-content-top elementor-section-boxed elementor-section-height-default elementor-section-height-default\" data-id=\"42ce736\" data-element_type=\"section\" data-e-type=\"section\">\n\t\t\t\t\t\t<div class=\"elementor-container elementor-column-gap-no\">\n\t\t\t\t\t<div class=\"elementor-column elementor-col-33 elementor-top-column elementor-element elementor-element-9af6a5a bottom-m facts\" data-id=\"9af6a5a\" data-element_type=\"column\" data-e-type=\"column\" data-settings=\"{&quot;background_background&quot;:&quot;classic&quot;}\">\n\t\t\t<div class=\"elementor-widget-wrap elementor-element-populated\">\n\t\t\t\t\t\t<div class=\"elementor-element elementor-element-ea3453c facts-text elementor-widget elementor-widget-text-editor\" data-id=\"ea3453c\" data-element_type=\"widget\" data-e-type=\"widget\" data-widget_type=\"text-editor.default\">\n\t\t\t\t<div class=\"elementor-widget-container\">\n\t\t\t\t\t\t\t\t\t<p>Une \u00e9quipe motiv\u00e9e \u00e0 votre service.<\/p>\n\t\t\t\t\t\t\t\t<\/div>\n\t\t\t\t<\/div>\n\t\t\t\t\t<\/div>\n\t\t<\/div>\n\t\t\t\t<div class=\"elementor-column elementor-col-33 elementor-top-column elementor-element elementor-element-7afa013 facts\" data-id=\"7afa013\" data-element_type=\"column\" data-e-type=\"column\" data-settings=\"{&quot;background_background&quot;:&quot;classic&quot;}\">\n\t\t\t<div class=\"elementor-widget-wrap elementor-element-populated\">\n\t\t\t\t\t\t<div class=\"elementor-element elementor-element-88141af elementor-widget elementor-widget-spacer\" data-id=\"88141af\" data-element_type=\"widget\" data-e-type=\"widget\" data-widget_type=\"spacer.default\">\n\t\t\t\t<div class=\"elementor-widget-container\">\n\t\t\t\t\t\t\t<div class=\"elementor-spacer\">\n\t\t\t<div class=\"elementor-spacer-inner\"><\/div>\n\t\t<\/div>\n\t\t\t\t\t\t<\/div>\n\t\t\t\t<\/div>\n\t\t\t\t\t<\/div>\n\t\t<\/div>\n\t\t\t\t<div class=\"elementor-column elementor-col-33 elementor-top-column elementor-element elementor-element-8d822b0 facts\" data-id=\"8d822b0\" data-element_type=\"column\" data-e-type=\"column\" data-settings=\"{&quot;background_background&quot;:&quot;classic&quot;}\">\n\t\t\t<div class=\"elementor-widget-wrap elementor-element-populated\">\n\t\t\t\t\t\t<div class=\"elementor-element elementor-element-58f16fc elementor-widget elementor-widget-spacer\" data-id=\"58f16fc\" data-element_type=\"widget\" data-e-type=\"widget\" data-widget_type=\"spacer.default\">\n\t\t\t\t<div class=\"elementor-widget-container\">\n\t\t\t\t\t\t\t<div class=\"elementor-spacer\">\n\t\t\t<div class=\"elementor-spacer-inner\"><\/div>\n\t\t<\/div>\n\t\t\t\t\t\t<\/div>\n\t\t\t\t<\/div>\n\t\t\t\t\t<\/div>\n\t\t<\/div>\n\t\t\t\t\t<\/div>\n\t\t<\/section>\n\t\t\t\t<section class=\"elementor-section elementor-top-section elementor-element elementor-element-42eb549 elementor-section-content-top elementor-section-boxed elementor-section-height-default elementor-section-height-default\" data-id=\"42eb549\" data-element_type=\"section\" data-e-type=\"section\">\n\t\t\t\t\t\t<div class=\"elementor-container elementor-column-gap-no\">\n\t\t\t\t\t<div class=\"elementor-column elementor-col-33 elementor-top-column elementor-element elementor-element-c1009ba facts\" data-id=\"c1009ba\" data-element_type=\"column\" data-e-type=\"column\" data-settings=\"{&quot;background_background&quot;:&quot;classic&quot;}\">\n\t\t\t<div class=\"elementor-widget-wrap elementor-element-populated\">\n\t\t\t\t\t\t<div class=\"elementor-element elementor-element-2d4b5a0 elementor-widget elementor-widget-spacer\" data-id=\"2d4b5a0\" data-element_type=\"widget\" data-e-type=\"widget\" data-widget_type=\"spacer.default\">\n\t\t\t\t<div class=\"elementor-widget-container\">\n\t\t\t\t\t\t\t<div class=\"elementor-spacer\">\n\t\t\t<div class=\"elementor-spacer-inner\"><\/div>\n\t\t<\/div>\n\t\t\t\t\t\t<\/div>\n\t\t\t\t<\/div>\n\t\t\t\t\t<\/div>\n\t\t<\/div>\n\t\t\t\t<div class=\"elementor-column elementor-col-33 elementor-top-column elementor-element elementor-element-eda5a31 facts\" data-id=\"eda5a31\" data-element_type=\"column\" data-e-type=\"column\" data-settings=\"{&quot;background_background&quot;:&quot;classic&quot;}\">\n\t\t\t<div class=\"elementor-widget-wrap elementor-element-populated\">\n\t\t\t\t\t\t<div class=\"elementor-element elementor-element-4f77bb7 elementor-widget elementor-widget-spacer\" data-id=\"4f77bb7\" data-element_type=\"widget\" data-e-type=\"widget\" data-widget_type=\"spacer.default\">\n\t\t\t\t<div class=\"elementor-widget-container\">\n\t\t\t\t\t\t\t<div class=\"elementor-spacer\">\n\t\t\t<div class=\"elementor-spacer-inner\"><\/div>\n\t\t<\/div>\n\t\t\t\t\t\t<\/div>\n\t\t\t\t<\/div>\n\t\t\t\t\t<\/div>\n\t\t<\/div>\n\t\t\t\t<div class=\"elementor-column elementor-col-33 elementor-top-column elementor-element elementor-element-6778102 facts\" data-id=\"6778102\" data-element_type=\"column\" data-e-type=\"column\" data-settings=\"{&quot;background_background&quot;:&quot;classic&quot;}\">\n\t\t\t<div class=\"elementor-widget-wrap elementor-element-populated\">\n\t\t\t\t\t\t<div class=\"elementor-element elementor-element-9a92f93 elementor-widget elementor-widget-spacer\" data-id=\"9a92f93\" data-element_type=\"widget\" data-e-type=\"widget\" data-widget_type=\"spacer.default\">\n\t\t\t\t<div class=\"elementor-widget-container\">\n\t\t\t\t\t\t\t<div class=\"elementor-spacer\">\n\t\t\t<div class=\"elementor-spacer-inner\"><\/div>\n\t\t<\/div>\n\t\t\t\t\t\t<\/div>\n\t\t\t\t<\/div>\n\t\t\t\t\t<\/div>\n\t\t<\/div>\n\t\t\t\t\t<\/div>\n\t\t<\/section>\n\t\t\t\t<\/div>\n\t\t","protected":false},"excerpt":{"rendered":"<p>Propri\u00e9taire et pr\u00e9sident CdA STEFAN SCHR\u00c4MLI schraemli@schraemli-holding.comT +41 41 455 61 20 General Manager Shawn Henzi s.henzi@brimetal.chT +41 91 785 91 00 Une \u00e9quipe motiv\u00e9e \u00e0 votre service.<\/p>\n","protected":false},"author":1,"featured_media":0,"parent":2071,"menu_order":0,"comment_status":"closed","ping_status":"closed","template":"","meta":{"footnotes":""},"class_list":["post-2063","page","type-page","status-publish","hentry"],"yoast_head":"<!-- This site is optimized with the Yoast SEO plugin v27.5 - https:\/\/yoast.com\/product\/yoast-seo-wordpress\/ -->\n<title>Team - Brimetal AG<\/title>\n<meta name=\"robots\" content=\"index, follow, max-snippet:-1, max-image-preview:large, max-video-preview:-1\" \/>\n<link rel=\"canonical\" href=\"https:\/\/www.brimetal.ch\/fr\/a-propos-de-nous\/team\/\" \/>\n<meta property=\"og:locale\" content=\"fr_FR\" \/>\n<meta property=\"og:type\" content=\"article\" \/>\n<meta property=\"og:title\" content=\"Team - Brimetal AG\" \/>\n<meta property=\"og:description\" content=\"Propri\u00e9taire et pr\u00e9sident CdA STEFAN SCHR\u00c4MLI schraemli@schraemli-holding.comT +41 41 455 61 20 General Manager Shawn Henzi s.henzi@brimetal.chT +41 91 785 91 00 Une \u00e9quipe motiv\u00e9e \u00e0 votre service.\" \/>\n<meta property=\"og:url\" content=\"https:\/\/www.brimetal.ch\/fr\/a-propos-de-nous\/team\/\" \/>\n<meta property=\"og:site_name\" content=\"Brimetal AG\" \/>\n<meta property=\"article:modified_time\" content=\"2023-04-17T06:12:39+00:00\" \/>\n<meta property=\"og:image\" content=\"https:\/\/www.brimetal.ch\/wp-content\/uploads\/2023\/04\/brimetal_stefan-schraemli.jpg\" \/>\n<meta name=\"twitter:card\" content=\"summary_large_image\" \/>\n<script type=\"application\/ld+json\" class=\"yoast-schema-graph\">{\"@context\":\"https:\\\/\\\/schema.org\",\"@graph\":[{\"@type\":\"WebPage\",\"@id\":\"https:\\\/\\\/www.brimetal.ch\\\/fr\\\/a-propos-de-nous\\\/team\\\/\",\"url\":\"https:\\\/\\\/www.brimetal.ch\\\/fr\\\/a-propos-de-nous\\\/team\\\/\",\"name\":\"Team - Brimetal AG\",\"isPartOf\":{\"@id\":\"https:\\\/\\\/www.brimetal.ch\\\/fr\\\/#website\"},\"primaryImageOfPage\":{\"@id\":\"https:\\\/\\\/www.brimetal.ch\\\/fr\\\/a-propos-de-nous\\\/team\\\/#primaryimage\"},\"image\":{\"@id\":\"https:\\\/\\\/www.brimetal.ch\\\/fr\\\/a-propos-de-nous\\\/team\\\/#primaryimage\"},\"thumbnailUrl\":\"https:\\\/\\\/www.brimetal.ch\\\/wp-content\\\/uploads\\\/2023\\\/04\\\/brimetal_stefan-schraemli.jpg\",\"datePublished\":\"2022-11-29T14:26:56+00:00\",\"dateModified\":\"2023-04-17T06:12:39+00:00\",\"breadcrumb\":{\"@id\":\"https:\\\/\\\/www.brimetal.ch\\\/fr\\\/a-propos-de-nous\\\/team\\\/#breadcrumb\"},\"inLanguage\":\"fr-FR\",\"potentialAction\":[{\"@type\":\"ReadAction\",\"target\":[\"https:\\\/\\\/www.brimetal.ch\\\/fr\\\/a-propos-de-nous\\\/team\\\/\"]}]},{\"@type\":\"ImageObject\",\"inLanguage\":\"fr-FR\",\"@id\":\"https:\\\/\\\/www.brimetal.ch\\\/fr\\\/a-propos-de-nous\\\/team\\\/#primaryimage\",\"url\":\"https:\\\/\\\/www.brimetal.ch\\\/wp-content\\\/uploads\\\/2023\\\/04\\\/brimetal_stefan-schraemli.jpg\",\"contentUrl\":\"https:\\\/\\\/www.brimetal.ch\\\/wp-content\\\/uploads\\\/2023\\\/04\\\/brimetal_stefan-schraemli.jpg\"},{\"@type\":\"BreadcrumbList\",\"@id\":\"https:\\\/\\\/www.brimetal.ch\\\/fr\\\/a-propos-de-nous\\\/team\\\/#breadcrumb\",\"itemListElement\":[{\"@type\":\"ListItem\",\"position\":1,\"name\":\"Startseite\",\"item\":\"https:\\\/\\\/www.brimetal.ch\\\/fr\\\/\"},{\"@type\":\"ListItem\",\"position\":2,\"name\":\"A PROPOS DE NOUS\",\"item\":\"https:\\\/\\\/www.brimetal.ch\\\/fr\\\/ueber-uns\\\/\"},{\"@type\":\"ListItem\",\"position\":3,\"name\":\"Team\"}]},{\"@type\":\"WebSite\",\"@id\":\"https:\\\/\\\/www.brimetal.ch\\\/fr\\\/#website\",\"url\":\"https:\\\/\\\/www.brimetal.ch\\\/fr\\\/\",\"name\":\"Brimetal AG\",\"description\":\"Blechbearbeitung bis 8 Meter\",\"publisher\":{\"@id\":\"https:\\\/\\\/www.brimetal.ch\\\/fr\\\/#organization\"},\"potentialAction\":[{\"@type\":\"SearchAction\",\"target\":{\"@type\":\"EntryPoint\",\"urlTemplate\":\"https:\\\/\\\/www.brimetal.ch\\\/fr\\\/?s={search_term_string}\"},\"query-input\":{\"@type\":\"PropertyValueSpecification\",\"valueRequired\":true,\"valueName\":\"search_term_string\"}}],\"inLanguage\":\"fr-FR\"},{\"@type\":\"Organization\",\"@id\":\"https:\\\/\\\/www.brimetal.ch\\\/fr\\\/#organization\",\"name\":\"Brimetal AG\",\"url\":\"https:\\\/\\\/www.brimetal.ch\\\/fr\\\/\",\"logo\":{\"@type\":\"ImageObject\",\"inLanguage\":\"fr-FR\",\"@id\":\"https:\\\/\\\/www.brimetal.ch\\\/fr\\\/#\\\/schema\\\/logo\\\/image\\\/\",\"url\":\"https:\\\/\\\/www.brimetal.ch\\\/wp-content\\\/uploads\\\/2023\\\/03\\\/brimetal-ag_logo.svg\",\"contentUrl\":\"https:\\\/\\\/www.brimetal.ch\\\/wp-content\\\/uploads\\\/2023\\\/03\\\/brimetal-ag_logo.svg\",\"caption\":\"Brimetal AG\"},\"image\":{\"@id\":\"https:\\\/\\\/www.brimetal.ch\\\/fr\\\/#\\\/schema\\\/logo\\\/image\\\/\"}}]}<\/script>\n<!-- \/ Yoast SEO plugin. -->","yoast_head_json":{"title":"Team - Brimetal AG","robots":{"index":"index","follow":"follow","max-snippet":"max-snippet:-1","max-image-preview":"max-image-preview:large","max-video-preview":"max-video-preview:-1"},"canonical":"https:\/\/www.brimetal.ch\/fr\/a-propos-de-nous\/team\/","og_locale":"fr_FR","og_type":"article","og_title":"Team - Brimetal AG","og_description":"Propri\u00e9taire et pr\u00e9sident CdA STEFAN SCHR\u00c4MLI schraemli@schraemli-holding.comT +41 41 455 61 20 General Manager Shawn Henzi s.henzi@brimetal.chT +41 91 785 91 00 Une \u00e9quipe motiv\u00e9e \u00e0 votre service.","og_url":"https:\/\/www.brimetal.ch\/fr\/a-propos-de-nous\/team\/","og_site_name":"Brimetal AG","article_modified_time":"2023-04-17T06:12:39+00:00","og_image":[{"url":"https:\/\/www.brimetal.ch\/wp-content\/uploads\/2023\/04\/brimetal_stefan-schraemli.jpg","type":"","width":"","height":""}],"twitter_card":"summary_large_image","schema":{"@context":"https:\/\/schema.org","@graph":[{"@type":"WebPage","@id":"https:\/\/www.brimetal.ch\/fr\/a-propos-de-nous\/team\/","url":"https:\/\/www.brimetal.ch\/fr\/a-propos-de-nous\/team\/","name":"Team - Brimetal AG","isPartOf":{"@id":"https:\/\/www.brimetal.ch\/fr\/#website"},"primaryImageOfPage":{"@id":"https:\/\/www.brimetal.ch\/fr\/a-propos-de-nous\/team\/#primaryimage"},"image":{"@id":"https:\/\/www.brimetal.ch\/fr\/a-propos-de-nous\/team\/#primaryimage"},"thumbnailUrl":"https:\/\/www.brimetal.ch\/wp-content\/uploads\/2023\/04\/brimetal_stefan-schraemli.jpg","datePublished":"2022-11-29T14:26:56+00:00","dateModified":"2023-04-17T06:12:39+00:00","breadcrumb":{"@id":"https:\/\/www.brimetal.ch\/fr\/a-propos-de-nous\/team\/#breadcrumb"},"inLanguage":"fr-FR","potentialAction":[{"@type":"ReadAction","target":["https:\/\/www.brimetal.ch\/fr\/a-propos-de-nous\/team\/"]}]},{"@type":"ImageObject","inLanguage":"fr-FR","@id":"https:\/\/www.brimetal.ch\/fr\/a-propos-de-nous\/team\/#primaryimage","url":"https:\/\/www.brimetal.ch\/wp-content\/uploads\/2023\/04\/brimetal_stefan-schraemli.jpg","contentUrl":"https:\/\/www.brimetal.ch\/wp-content\/uploads\/2023\/04\/brimetal_stefan-schraemli.jpg"},{"@type":"BreadcrumbList","@id":"https:\/\/www.brimetal.ch\/fr\/a-propos-de-nous\/team\/#breadcrumb","itemListElement":[{"@type":"ListItem","position":1,"name":"Startseite","item":"https:\/\/www.brimetal.ch\/fr\/"},{"@type":"ListItem","position":2,"name":"A PROPOS DE NOUS","item":"https:\/\/www.brimetal.ch\/fr\/ueber-uns\/"},{"@type":"ListItem","position":3,"name":"Team"}]},{"@type":"WebSite","@id":"https:\/\/www.brimetal.ch\/fr\/#website","url":"https:\/\/www.brimetal.ch\/fr\/","name":"Brimetal AG","description":"Blechbearbeitung bis 8 Meter","publisher":{"@id":"https:\/\/www.brimetal.ch\/fr\/#organization"},"potentialAction":[{"@type":"SearchAction","target":{"@type":"EntryPoint","urlTemplate":"https:\/\/www.brimetal.ch\/fr\/?s={search_term_string}"},"query-input":{"@type":"PropertyValueSpecification","valueRequired":true,"valueName":"search_term_string"}}],"inLanguage":"fr-FR"},{"@type":"Organization","@id":"https:\/\/www.brimetal.ch\/fr\/#organization","name":"Brimetal AG","url":"https:\/\/www.brimetal.ch\/fr\/","logo":{"@type":"ImageObject","inLanguage":"fr-FR","@id":"https:\/\/www.brimetal.ch\/fr\/#\/schema\/logo\/image\/","url":"https:\/\/www.brimetal.ch\/wp-content\/uploads\/2023\/03\/brimetal-ag_logo.svg","contentUrl":"https:\/\/www.brimetal.ch\/wp-content\/uploads\/2023\/03\/brimetal-ag_logo.svg","caption":"Brimetal AG"},"image":{"@id":"https:\/\/www.brimetal.ch\/fr\/#\/schema\/logo\/image\/"}}]}},"_links":{"self":[{"href":"https:\/\/www.brimetal.ch\/fr\/wp-json\/wp\/v2\/pages\/2063","targetHints":{"allow":["GET"]}}],"collection":[{"href":"https:\/\/www.brimetal.ch\/fr\/wp-json\/wp\/v2\/pages"}],"about":[{"href":"https:\/\/www.brimetal.ch\/fr\/wp-json\/wp\/v2\/types\/page"}],"author":[{"embeddable":true,"href":"https:\/\/www.brimetal.ch\/fr\/wp-json\/wp\/v2\/users\/1"}],"replies":[{"embeddable":true,"href":"https:\/\/www.brimetal.ch\/fr\/wp-json\/wp\/v2\/comments?post=2063"}],"version-history":[{"count":3,"href":"https:\/\/www.brimetal.ch\/fr\/wp-json\/wp\/v2\/pages\/2063\/revisions"}],"predecessor-version":[{"id":2066,"href":"https:\/\/www.brimetal.ch\/fr\/wp-json\/wp\/v2\/pages\/2063\/revisions\/2066"}],"up":[{"embeddable":true,"href":"https:\/\/www.brimetal.ch\/fr\/wp-json\/wp\/v2\/pages\/2071"}],"wp:attachment":[{"href":"https:\/\/www.brimetal.ch\/fr\/wp-json\/wp\/v2\/media?parent=2063"}],"curies":[{"name":"wp","href":"https:\/\/api.w.org\/{rel}","templated":true}]}}